{"id":23913,"date":"2019-11-22T16:32:19","date_gmt":"2019-11-22T16:32:19","guid":{"rendered":"https:\/\/consulta-csc.it\/?page_id=23913"},"modified":"2020-11-06T14:18:21","modified_gmt":"2020-11-06T14:18:21","slug":"attivita-scientifica","status":"publish","type":"page","link":"https:\/\/consulta-csc.it\/index.php\/pages\/attivita-scientifica\/","title":{"rendered":"Attivit\u00e0 Scientifica"},"content":{"rendered":"<section class=\"l-section wpb_row height_large color_primary with_img with_overlay\"><div class=\"l-section-img\" style=\"background-image: url(https:\/\/consulta-csc.it\/wp-content\/uploads\/2019\/11\/J6433_consulta-csc_CUORE_V04.jpg);background-position: bottom center;background-repeat: no-repeat;\" data-img-width=\"1920\" data-img-height=\"324\"><\/div><div class=\"l-section-overlay\" style=\"background: rgba(0,0,0,0.1)\"><\/div><div class=\"l-section-h i-cf\"><div class=\"g-cols vc_row type_default valign_middle\"><div class=\"vc_col-sm-6 wpb_column vc_column_container\"><div class=\"vc_column-inner\"><div class=\"wpb_wrapper\"><h1 class=\"w-page-title align_center\" itemprop=\"headline\" style=\"font-family:&#039;Roboto&#039;, sans-serif;text-transform:uppercase;font-size:3rem;line-height:1.1;color:#bd1a18;\">Attivit\u00e0 Scientifica<\/h1><\/div><\/div><\/div><div class=\"vc_col-sm-6 wpb_column vc_column_container\"><div class=\"vc_column-inner\"><div class=\"wpb_wrapper\"><div class=\"w-image align_center\"><div class=\"w-image-h\"><img width=\"300\" height=\"178\" src=\"https:\/\/consulta-csc.it\/wp-content\/uploads\/2019\/11\/J6433_consulta-csc_LOGO_CUORE_3B-300x178.png\" class=\"attachment-medium size-medium\" alt=\"\" loading=\"lazy\" srcset=\"https:\/\/consulta-csc.it\/wp-content\/uploads\/2019\/11\/J6433_consulta-csc_LOGO_CUORE_3B-300x178.png 300w, https:\/\/consulta-csc.it\/wp-content\/uploads\/2019\/11\/J6433_consulta-csc_LOGO_CUORE_3B.png 659w\" sizes=\"(max-width: 300px) 100vw, 300px\" \/><\/div><\/div><\/div><\/div><\/div><\/div><\/div><\/section><section class=\"l-section wpb_row height_large color_primary\"><div class=\"l-section-h i-cf\"><div class=\"g-cols vc_row type_default valign_top\"><div class=\"vc_col-sm-12 wpb_column vc_column_container\"><div class=\"vc_column-inner\"><div class=\"wpb_wrapper\">\r\n\t<div class=\"wpb_text_column \">\r\n\t\t<div class=\"wpb_wrapper\">\r\n\t\t\t<h4 style=\"text-align: justify;\">Dalla sua costituzione la Consulta delle Societ\u00e0 Cardiologiche &#8211; CSC promuove una fervente attivit\u00e0 scientifica, costituendo un punto di riferimento aggregativo per elaborare e partecipare a Documenti di Consenso, Raccomandazioni, Linee Guida su aspetti rilevanti in area medica con particolare attenzione all\u2019area cardiovascolare.<\/h4>\n\r\n\t\t<\/div>\r\n\t<\/div>\r\n<\/div><\/div><\/div><\/div><\/div><\/section><section class=\"l-section wpb_row height_large\"><div class=\"l-section-h i-cf\"><div class=\"g-cols vc_row type_default valign_top\"><div class=\"vc_col-sm-12 wpb_column vc_column_container\"><div class=\"vc_column-inner\"><div class=\"wpb_wrapper\"><div class=\"g-cols wpb_row  type_default valign_top vc_inner \"><div class=\"vc_col-sm-12 wpb_column vc_column_container\"><div class=\"vc_column-inner\"><div class=\"wpb_wrapper\">\r\n\t<div class=\"wpb_text_column \">\r\n\t\t<div class=\"wpb_wrapper\">\r\n\t\t\t<h4 style=\"text-align: center;\">In questo contesto sono stati realizzati e condivisi i Documenti di Consenso:<\/h4>\n\r\n\t\t<\/div>\r\n\t<\/div>\r\n<div class=\"w-separator size_medium\"><\/div><\/div><\/div><\/div><\/div><div class=\"g-cols wpb_row  type_default valign_top vc_inner \"><div class=\"vc_col-sm-4 wpb_column vc_column_container animate_afc\"><div class=\"vc_column-inner\"><div class=\"wpb_wrapper\"><div class=\"w-image style_shadow-1 align_center animate_afc\"><a class=\"w-image-h\" href=\"https:\/\/www.giornaledicardiologia.it\/articoli.php?archivio=yes&#038;vol_id=2907&#038;id=29280\" target=\"_blank\" rel=\"noopener\"><img width=\"225\" height=\"300\" src=\"https:\/\/consulta-csc.it\/wp-content\/uploads\/2019\/11\/01_Documento_terapia_antiaggregante-225x300.jpg\" class=\"attachment-medium size-medium\" alt=\"\" loading=\"lazy\" srcset=\"https:\/\/consulta-csc.it\/wp-content\/uploads\/2019\/11\/01_Documento_terapia_antiaggregante-225x300.jpg 225w, https:\/\/consulta-csc.it\/wp-content\/uploads\/2019\/11\/01_Documento_terapia_antiaggregante.jpg 525w\" sizes=\"(max-width: 225px) 100vw, 225px\" \/><\/a><\/div><div class=\"w-separator size_small\"><\/div>\r\n\t<div class=\"wpb_text_column \">\r\n\t\t<div class=\"wpb_wrapper\">\r\n\t\t\t<h4 style=\"text-align: center;\"><span style=\"color: #000000;\"><a style=\"color: #000000;\" href=\"https:\/\/www.giornaledicardiologia.it\/articoli.php?archivio=yes&amp;vol_id=2907&amp;id=29280\" target=\"_blank\" rel=\"noopener noreferrer\"><strong>La terapia antiaggregante a lungo termine nel paziente con malattia coronarica<\/strong><\/a><\/span><\/h4>\n\r\n\t\t<\/div>\r\n\t<\/div>\r\n<\/div><\/div><\/div><div class=\"vc_col-sm-4 wpb_column vc_column_container animate_afc\"><div class=\"vc_column-inner\"><div class=\"wpb_wrapper\"><div class=\"w-image style_shadow-1 align_center animate_afc\"><a class=\"w-image-h\" href=\"https:\/\/academic.oup.com\/eurheartjsupp\/article\/20\/suppl_F\/F1\/5005913\" target=\"_blank\" rel=\"noopener\"><img width=\"223\" height=\"300\" src=\"https:\/\/consulta-csc.it\/wp-content\/uploads\/2019\/11\/02_Documento_terapia_antiaggregante_ENG-223x300.png\" class=\"attachment-medium size-medium\" alt=\"\" loading=\"lazy\" srcset=\"https:\/\/consulta-csc.it\/wp-content\/uploads\/2019\/11\/02_Documento_terapia_antiaggregante_ENG-223x300.png 223w, https:\/\/consulta-csc.it\/wp-content\/uploads\/2019\/11\/02_Documento_terapia_antiaggregante_ENG.png 520w\" sizes=\"(max-width: 223px) 100vw, 223px\" \/><\/a><\/div><div class=\"w-separator size_small\"><\/div>\r\n\t<div class=\"wpb_text_column \">\r\n\t\t<div class=\"wpb_wrapper\">\r\n\t\t\t<h4 style=\"text-align: center;\"><span style=\"color: #000000;\"><strong><a style=\"color: #000000;\" href=\"https:\/\/academic.oup.com\/eurheartjsupp\/article\/20\/suppl_F\/F1\/5005913\" target=\"_blank\" rel=\"noopener noreferrer\">Long-term Antiplatelet Therapy in Patients with Coronary Artery Disease<\/a><\/strong><\/span><\/h4>\n\r\n\t\t<\/div>\r\n\t<\/div>\r\n<\/div><\/div><\/div><div class=\"vc_col-sm-4 wpb_column vc_column_container animate_afc\"><div class=\"vc_column-inner\"><div class=\"wpb_wrapper\"><div class=\"w-image style_shadow-1 align_center animate_afc\"><a class=\"w-image-h\" href=\"https:\/\/www.giornaledicardiologia.it\/articoli.php?archivio=yes&#038;vol_id=3190&#038;id=31688\" target=\"_blank\" rel=\"noopener\"><img width=\"225\" height=\"300\" src=\"https:\/\/consulta-csc.it\/wp-content\/uploads\/2019\/11\/03_Documento_descrizione_aterosclerosi-225x300.jpg\" class=\"attachment-medium size-medium\" alt=\"\" loading=\"lazy\" srcset=\"https:\/\/consulta-csc.it\/wp-content\/uploads\/2019\/11\/03_Documento_descrizione_aterosclerosi-225x300.jpg 225w, https:\/\/consulta-csc.it\/wp-content\/uploads\/2019\/11\/03_Documento_descrizione_aterosclerosi.jpg 525w\" sizes=\"(max-width: 225px) 100vw, 225px\" \/><\/a><\/div><div class=\"w-separator size_small\"><\/div>\r\n\t<div class=\"wpb_text_column \">\r\n\t\t<div class=\"wpb_wrapper\">\r\n\t\t\t<h4 style=\"text-align: center;\"><span style=\"color: #000000;\"><a style=\"color: #000000;\" href=\"https:\/\/www.giornaledicardiologia.it\/articoli.php?archivio=yes&amp;vol_id=3190&amp;id=31688\" target=\"_blank\" rel=\"noopener noreferrer\"><strong>Descrizione dell\u2019aterosclerosi coronarica ai fini diagnostici, prognostici e terapeutici<\/strong><\/a><\/span><\/h4>\n\r\n\t\t<\/div>\r\n\t<\/div>\r\n<\/div><\/div><\/div><\/div><div class=\"g-cols wpb_row  type_default valign_top vc_inner \"><div class=\"vc_col-sm-12 wpb_column vc_column_container\"><div class=\"vc_column-inner\"><div class=\"wpb_wrapper\"><div class=\"w-separator size_large with_line width_default thick_1 style_solid color_border align_center\"><div class=\"w-separator-h\"><\/div><\/div><\/div><\/div><\/div><\/div><div class=\"g-cols wpb_row  type_default valign_top vc_inner \"><div class=\"vc_col-sm-4 wpb_column vc_column_container animate_afc\"><div class=\"vc_column-inner\"><div class=\"wpb_wrapper\"><div class=\"w-image style_shadow-1 align_center\"><div class=\"w-image-h\"><img width=\"225\" height=\"300\" src=\"https:\/\/consulta-csc.it\/wp-content\/uploads\/2020\/11\/J6433-_GIORNALE_ITALIANO_CARDIOLOGIA_525X700-225x300.png\" class=\"attachment-medium size-medium\" alt=\"\" loading=\"lazy\" srcset=\"https:\/\/consulta-csc.it\/wp-content\/uploads\/2020\/11\/J6433-_GIORNALE_ITALIANO_CARDIOLOGIA_525X700-225x300.png 225w, https:\/\/consulta-csc.it\/wp-content\/uploads\/2020\/11\/J6433-_GIORNALE_ITALIANO_CARDIOLOGIA_525X700.png 525w\" sizes=\"(max-width: 225px) 100vw, 225px\" \/><\/div><\/div><div class=\"w-separator size_small\"><\/div>\r\n\t<div class=\"wpb_text_column \">\r\n\t\t<div class=\"wpb_wrapper\">\r\n\t\t\t<h4 style=\"text-align: center;\"><strong>La terapia anticoagulante nel tromboembolismo venoso e nella fibrillazione atriale del paziente con cancro<\/strong><\/h4>\n\r\n\t\t<\/div>\r\n\t<\/div>\r\n<\/div><\/div><\/div><div class=\"vc_col-sm-4 wpb_column vc_column_container animate_afc\"><div class=\"vc_column-inner\"><div class=\"wpb_wrapper\"><div class=\"w-image style_shadow-1 align_center animate_afc\"><a class=\"w-image-h\" href=\"https:\/\/www.giornaledicardiologia.it\/articoli.php?archivio=yes&#038;vol_id=3285&#038;id=32588\"><img width=\"225\" height=\"300\" src=\"https:\/\/consulta-csc.it\/wp-content\/uploads\/2020\/03\/GIC_2020_gennaio-225x300.jpg\" class=\"attachment-medium size-medium\" alt=\"\" loading=\"lazy\" srcset=\"https:\/\/consulta-csc.it\/wp-content\/uploads\/2020\/03\/GIC_2020_gennaio-225x300.jpg 225w, https:\/\/consulta-csc.it\/wp-content\/uploads\/2020\/03\/GIC_2020_gennaio.jpg 525w\" sizes=\"(max-width: 225px) 100vw, 225px\" \/><\/a><\/div><div class=\"w-separator size_small\"><\/div>\r\n\t<div class=\"wpb_text_column \">\r\n\t\t<div class=\"wpb_wrapper\">\r\n\t\t\t<h4 style=\"text-align: center;\"><span style=\"color: #000000;\"><a style=\"color: #000000;\" href=\"https:\/\/www.giornaledicardiologia.it\/articoli.php?archivio=yes&amp;vol_id=3285&amp;id=32588\"><strong>Appropriatezza dell\u2019imaging multimodale nelle patologie cardiovascolari<\/strong><\/a><\/span><\/h4>\n\r\n\t\t<\/div>\r\n\t<\/div>\r\n<\/div><\/div><\/div><div class=\"vc_col-sm-4 wpb_column vc_column_container animate_afc\"><div class=\"vc_column-inner\"><div class=\"wpb_wrapper\"><div class=\"w-image style_shadow-1 align_center\"><div class=\"w-image-h\"><img width=\"225\" height=\"300\" src=\"https:\/\/consulta-csc.it\/wp-content\/uploads\/2015\/06\/J6433_consulta-csc_PROGRESSPRESS.jpg\" class=\"attachment-medium size-medium\" alt=\"\" loading=\"lazy\" \/><\/div><\/div><div class=\"w-separator size_small\"><\/div>\r\n\t<div class=\"wpb_text_column \">\r\n\t\t<div class=\"wpb_wrapper\">\r\n\t\t\t<h4 style=\"text-align: center;\"><strong>La gestione del paziente colpito da arresto cardiaco extraospedaliero<\/strong><\/h4>\n\r\n\t\t<\/div>\r\n\t<\/div>\r\n<\/div><\/div><\/div><\/div><\/div><\/div><\/div><\/div><\/div><\/section>\n ","protected":false},"excerpt":{"rendered":"Attivit\u00e0 Scientifica Dalla sua costituzione la Consulta delle Societ\u00e0 Cardiologiche &#8211; CSC promuove una fervente attivit\u00e0 scientifica, costituendo un punto di riferimento aggregativo per elaborare e partecipare a Documenti di Consenso, Raccomandazioni, Linee Guida su aspetti rilevanti in area medica con particolare attenzione all\u2019area cardiovascolare. In questo contesto sono stati realizzati e condivisi i Documenti...","protected":false},"author":1,"featured_media":0,"parent":1106,"menu_order":0,"comment_status":"closed","ping_status":"closed","template":"","meta":[],"_links":{"self":[{"href":"https:\/\/consulta-csc.it\/index.php\/wp-json\/wp\/v2\/pages\/23913"}],"collection":[{"href":"https:\/\/consulta-csc.it\/index.php\/wp-json\/wp\/v2\/pages"}],"about":[{"href":"https:\/\/consulta-csc.it\/index.php\/wp-json\/wp\/v2\/types\/page"}],"author":[{"embeddable":true,"href":"https:\/\/consulta-csc.it\/index.php\/wp-json\/wp\/v2\/users\/1"}],"replies":[{"embeddable":true,"href":"https:\/\/consulta-csc.it\/index.php\/wp-json\/wp\/v2\/comments?post=23913"}],"version-history":[{"count":26,"href":"https:\/\/consulta-csc.it\/index.php\/wp-json\/wp\/v2\/pages\/23913\/revisions"}],"predecessor-version":[{"id":24263,"href":"https:\/\/consulta-csc.it\/index.php\/wp-json\/wp\/v2\/pages\/23913\/revisions\/24263"}],"up":[{"embeddable":true,"href":"https:\/\/consulta-csc.it\/index.php\/wp-json\/wp\/v2\/pages\/1106"}],"wp:attachment":[{"href":"https:\/\/consulta-csc.it\/index.php\/wp-json\/wp\/v2\/media?parent=23913"}],"curies":[{"name":"wp","href":"https:\/\/api.w.org\/{rel}","templated":true}]}}