{"id":24022,"date":"2019-11-26T10:59:09","date_gmt":"2019-11-26T10:59:09","guid":{"rendered":"https:\/\/consulta-csc.it\/?page_id=24022"},"modified":"2019-11-29T14:28:49","modified_gmt":"2019-11-29T14:28:49","slug":"cookie-policy","status":"publish","type":"page","link":"https:\/\/consulta-csc.it\/index.php\/pages\/cookie-policy\/","title":{"rendered":"COOKIE POLICY"},"content":{"rendered":"<section class=\"l-section wpb_row height_large with_img\"><div class=\"l-section-img\" style=\"background-image: url(https:\/\/consulta-csc.it\/wp-content\/uploads\/2019\/11\/J6433_consulta-csc_CUORE_V04.jpg);background-position: bottom center;\" data-img-width=\"1920\" data-img-height=\"324\"><\/div><div class=\"l-section-h i-cf\"><div class=\"g-cols vc_row type_default valign_middle\"><div class=\"vc_col-sm-6 wpb_column vc_column_container\"><div class=\"vc_column-inner\"><div class=\"wpb_wrapper\"><h1 class=\"w-page-title align_center\" itemprop=\"headline\" style=\"font-family:&#039;Roboto&#039;, sans-serif;color:#bd1a18;\">COOKIE POLICY<\/h1><\/div><\/div><\/div><div class=\"vc_col-sm-6 wpb_column vc_column_container\"><div class=\"vc_column-inner\"><div class=\"wpb_wrapper\"><div class=\"w-image align_center\"><div class=\"w-image-h\"><img width=\"300\" height=\"178\" src=\"https:\/\/consulta-csc.it\/wp-content\/uploads\/2019\/11\/J6433_consulta-csc_LOGO_CUORE_3B-300x178.png\" class=\"attachment-medium size-medium\" alt=\"\" loading=\"lazy\" srcset=\"https:\/\/consulta-csc.it\/wp-content\/uploads\/2019\/11\/J6433_consulta-csc_LOGO_CUORE_3B-300x178.png 300w, https:\/\/consulta-csc.it\/wp-content\/uploads\/2019\/11\/J6433_consulta-csc_LOGO_CUORE_3B.png 659w\" sizes=\"(max-width: 300px) 100vw, 300px\" \/><\/div><\/div><\/div><\/div><\/div><\/div><\/div><\/section><section class=\"l-section wpb_row height_large\"><div class=\"l-section-h i-cf\"><div class=\"g-cols vc_row type_default valign_top\"><div class=\"vc_col-sm-12 wpb_column vc_column_container\"><div class=\"vc_column-inner\"><div class=\"wpb_wrapper\">\r\n\t<div class=\"wpb_text_column \">\r\n\t\t<div class=\"wpb_wrapper\">\r\n\t\t\t<div class=\"cli_pg_page_contaner\">\n<h4>Informativa sui cookie e sui dati raccolti in forma automatica<\/h4>\n<div>\n<p>I server che distribuiscono i nostri Servizi potrebbero registrare automaticamente alcune informazioni: 1. il dominio e il server dal quale il Suo computer o altro dispositivo accede a Internet, 2. l&#8217;indirizzo Internet del sito web dal quale Lei si \u00e8 collegato a un Servizio internet, 3. la data e l&#8217;ora della Sua visita, la durata della Sua visita al sito, le pagine del sito da Lei consultate e la durata di tali consultazioni, 4. il Suo &#8220;indirizzo IP&#8221;, 5. alcune caratteristiche del Suo computer o altro dispositivo di accesso a Internet, nonch\u00e9 il tipo di sistema operativo utilizzato, il tipo di programma di consultazione dei contenuti Internet (es. MS Internet Explorer, Firefox, Opera, Chrome ecc.) eventuali &#8220;plug-in&#8221; disponibili; si tratta di informazioni che i web server raccolgono di consueto, e che quindi anche i sistemi che erogano i nostri Servizi possono raccogliere.<\/p>\n<\/div>\n<h4>Quanti tipi di cookie ci sono?<\/h4>\n<div>\n<p>Le vorremmo fornire qualche informazione in pi\u00f9 sui cookie, dei piccoli file di testo che permettono di rendere pi\u00f9 facile la Sua navigazione, raccogliere dati statistici e definire il Suo profilo di utilizzo cos\u00ec da fornirle contenuti sempre pi\u00f9 aderenti ai Suoi interessi.<\/p>\n<\/div>\n<h4>Cookie tecnici<\/h4>\n<div>\n<p>di navigazione anonimi, finalizzati al trasferimento di dati necessari a consentire la corretta navigazione tra le pagine del sito, la trasmissione di dati che l&#8217;Utilizzatore decide esplicitamente di trasmettere, l&#8217;utilizzo delle funzionalit\u00e0 e l&#8217;accesso a contenuti protetti; questi cookie sono fondamentali e la loro disattivazione potrebbe impedire il corretto funzionamento del sito.<\/p>\n<\/div>\n<h4>Cookie analitici anonimi di terza parte<\/h4>\n<div>\n<p>(Google Analytics) finalizzati a ricostruire le modalit\u00e0 di utilizzo di questo sito, per ottimizzare e migliorare il sito, rendendolo sempre interessante e rilevante per gli utenti. Questi cookie sono molto importanti per offrire servizi sempre pi\u00f9 personalizzati e vicini alle preferenze dei singoli, ma \u00e8 possibile disattivarli, perch\u00e9 la loro funzione \u00e8 prevalentemente informativa per l&#8217;amministratore del sito.<\/p>\n<\/div>\n<h4>Cookie di profilazione<\/h4>\n<div>\n<p>la profilazione consiste nel tenere memoria dei Suoi accessi, dei contenuti consultati, della attivit\u00e0 svolte, la lettura di messaggi inviati dai nostri Servizi attraverso push notification, e-mail o altri strumenti nonch\u00e9 le date di queste azioni e nell&#8217;elaborare questi dati per ricostruire la Sua personale esperienza di navigazione e utilizzo e fornirle risorse e contenuti sempre pi\u00f9 personalizzati. \u00c8 possibile disattivare questi cookie, in alcuni casi senza alcun effetto sulla navigazione.<\/p>\n<\/div>\n<h4>Cookie &#8220;proprietari&#8221; e &#8220;di terza parte&#8221;<\/h4>\n<div>\n<p>i cookie sono &#8220;proprietari&#8221; quando sono creati dalla piattaforma, sono di terze parti, quando sono generati da strumenti amministrati da altri editori (per esempio gli strumenti di condivisione sui social network o attraverso la posta o WhatsApp\u2026 La preghiamo di ricordare che visitando un sito web raggiungibile dai collegamenti predisposti da un nostro Servizio il Suo dispositivo potrebbe ricevere cookie sia dal sito visitato (&#8220;cookie proprietari&#8221;), sia da siti gestiti da altre organizzazioni (&#8220;cookie di terze parti&#8221;): pu\u00f2 consultare la privacy policy e la cookie policy all&#8217;interno del sito da Lei visitato.<\/p>\n<\/div>\n<h4>Quali cookie sono &#8220;di terza parte&#8221;?<\/h4>\n<div>\n<p>Alcuni dei servizi elencati di seguito raccolgono statistiche in forma aggregata ed anonima e potrebbero non richiedere il consenso dell&#8217;Utente o potrebbero essere gestiti direttamente dal Titolare \u2013 a seconda di quanto descritto \u2013 senza l&#8217;ausilio di terzi.<br \/>\nQualora fra gli strumenti indicati in seguito fossero presenti servizi gestiti da terzi, questi potrebbero \u2013 in aggiunta a quanto specificato ed anche all&#8217;insaputa del Titolare \u2013 compiere attivit\u00e0 di tracciamento dell&#8217;Utente. Per informazioni dettagliate in merito, si consiglia di consultare le privacy policy dei servizi elencati.<\/p>\n<p>Di seguito l'elenco:<\/p><table class=\"cookielawinfo-row-cat-table cookielawinfo-classic\"><thead><tr><th class=\"cookielawinfo-column-1\">Cookie<\/th><th class=\"cookielawinfo-column-4\">Descrizione<\/th><\/tr><\/thead><tbody><tr class=\"cookielawinfo-row\"><td class=\"cookielawinfo-column-1\">Condivisione su Twitter (Twitter, Inc.)<\/td><td class=\"cookielawinfo-column-4\">Twitter, il pulsante per \"twittare\" e i widget sociali di Twitter sono servizi forniti dal social network Twitter.\r\nQuali dati sono raccolti? cookie e dati di utilizzo.\r\nDove sono trattati i dati? negli Stati Uniti.\r\nLegga la Privacy Policy su\u00a0<a href=\"https:\/\/twitter.com\/privacy\" target=\"_blanck\" rel=\"noopener noreferrer\">https:\/\/twitter.com\/privacy<\/a>.\r\nTwitter aderisce al Privacy Shield.<\/td><\/tr><tr class=\"cookielawinfo-row\"><td class=\"cookielawinfo-column-1\">Google Analytics con IP anonimizzato<\/td><td class=\"cookielawinfo-column-4\">Google Analytics \u00e8 un servizio di Google Inc. (\"Google\") che usiamo per comprendere i comportamenti di utilizzo del nostro servizio e generare analisi e rapporti; i dati di Google Analytics sono usati anche da altri servizi di Google.\r\nGoogle potrebbe usare i Dati Personali per personalizzare gli annunci pubblicitari mostrati da Google Ads.\r\nGrazie a \"Google Analytics con IP anonimizzato\" viene reso anonimo per Google l'indirizzo IP del dispositivo che sta accedendo al servizio, \"abbreviando\" l'indirizzo IP, che sar\u00e0 trattato nel territorio dell'Unione Europea; in casi eccezionali l'IP cos\u00ec anonimizzato potrebbe essere inviato anche i server di Google negli Stati Uniti.\r\nQuali dati sono raccolti? cookie e dati di utilizzo.\r\nDove sono trattati i dati? negli Stati Uniti.\r\nLegga la Privacy Policy su:\u00a0<a href=\"https:\/\/policies.google.com\/privacy\" target=\"_blanck\" rel=\"noopener noreferrer\">https:\/\/policies.google.com\/privacy<\/a>.\r\nSe vuole \"fare Opt Out\":\u00a0<a href=\"https:\/\/tools.google.com\/dlpage\/gaoptout?hl=it\" target=\"_blanck\" rel=\"noopener noreferrer\">https:\/\/tools.google.com\/dlpage\/gaoptout?hl=it<\/a>.\r\nDove sono trattati i dati? in Irlanda\r\nLegga la Privacy Policy su:\u00a0<a href=\"https:\/\/policies.google.com\/privacy\" target=\"_blanck\" rel=\"noopener noreferrer\">https:\/\/policies.google.com\/privacy<\/a>.\r\nSe vuole \"fare Opt Out\":\u00a0<a href=\"https:\/\/tools.google.com\/dlpage\/gaoptout?hl=it\" target=\"_blanck\" rel=\"noopener noreferrer\">https:\/\/tools.google.com\/dlpage\/gaoptout?hl=it<\/a>.\r\nGoogle aderisce al Privacy Shield.<\/td><\/tr><tr class=\"cookielawinfo-row\"><td class=\"cookielawinfo-column-1\">Hosting e infrastruttura tecnologica.<\/td><td class=\"cookielawinfo-column-4\">Ci affidiamo a un partner di rilevanza mondiale per ospitare la nostra piattaforma e i servizi tecnologici necessari per la sua pubblicazione:\u00a0<strong>Amazon Web Services EMEA SARL (\"AWS Europe\")<\/strong>.\r\nQuali dati sono raccolti? cookie e dati di utilizzo generati e mantenuti temporaneamente al solo fine di consentire la navigazione tra le pagine.\r\nIl trattamento dei dati condotto da Amazon \u00e8 fondamentale per il funzionamento del nostro Servizio, perch\u00e9 sostituisce i tradizionali cookie tecnici di navigazione.\r\nDove sono trattati i dati? I nostri server sono nella Repubblica Federale Tedesca, ma Amazon ha anche altri server in Europa e non \u00e8 escluso che alcuni possano essere trattati in altri luoghi dell'Unione Europea.\r\nLegga la Privacy Policy su:\u00a0<a href=\"https:\/\/d1.awsstatic.com\/legal\/aws-customer-agreement\/AWS_Customer_Agreement-IT_(2019-04-30).pdf\" target=\"_blanck\" rel=\"noopener noreferrer\">https:\/\/d1.awsstatic.com\/legal\/aws-customer-agreement\/AWS_Customer_Agreement-IT_(2019-04-30).pdf.<\/a>\r\nAmazon aderisce al Privacy Shield.<\/td><\/tr><tr class=\"cookielawinfo-row\"><td class=\"cookielawinfo-column-1\">Interazione con social network e piattaforme esterne.<\/td><td class=\"cookielawinfo-column-4\">Quando Lei condivide il contenuto di una pagina internet sui social network utilizza degli strumenti solitamente forniti dall'editore del social network o da altri soggetti specializzati nello sviluppo e manutenzione di questo tipo di applicazioni; oltre quindi ai dati sulla Sua interazione partendo dalla nostra piattaforma, questa attivit\u00e0 generer\u00e0 interazioni specifiche col social network, sottoposte alle regole sulla privacy di ciascun social network.\r\nQuando si usano strumenti di condivisione, \u00e8 possibile che questo generi attivit\u00e0 di registrazione da parte dei social network anche quando non li si sta usando: suggeriamo di non limitarsi a \"uscire\" dalla pagina del social network ma di disconnettersi (\"log-off\", \"esci\" o comandi simili), in modo che sia interrotta la possibilit\u00e0 di associazione dei dati con il singolo Utilizzatore.<\/td><\/tr><tr class=\"cookielawinfo-row\"><td class=\"cookielawinfo-column-1\">Mi Piace e condivisione su Facebook (Facebook, Inc.)<\/td><td class=\"cookielawinfo-column-4\">Facebook, il pulsante \"Mi Piace\" e i widget sociali di Facebook sono servizi forniti dal social network Facebook.\r\nQuali dati sono raccolti? cookie e dati di utilizzo.\r\nDove sono trattati i dati? negli Stati Uniti.\r\nLegga la su Privacy Policy su\u00a0<a href=\"https:\/\/www.facebook.com\/privacy\/explanation\" target=\"_blanck\" rel=\"noopener noreferrer\">https:\/\/www.facebook.com\/privacy\/explanation<\/a>\r\nFacebook aderisce al Privacy Shield.<\/td><\/tr><tr class=\"cookielawinfo-row\"><td class=\"cookielawinfo-column-1\">Rapporti sui dati demografici e sugli interessi di Google Analytics<\/td><td class=\"cookielawinfo-column-4\">Google pu\u00f2 analizzare i dati demografici dei propri utilizzatori che sono registrati con i servizi Google mentre interagiscono con la pubblicit\u00e0 erogata da Google sul nostro Servizio, tali dati riguardato et\u00e0 e sesso.\r\n\r\nLei pu\u00f2 disattivare i cookie di Google alla pagina\u00a0<a href=\"https:\/\/adssettings.google.com\/authenticated\" target=\"_blanck\" rel=\"noopener noreferrer\">https:\/\/adssettings.google.com\/authenticated<\/a>.\r\nQuali dati sono raccolti? cookie e ID univoci di dispositivi per la pubblicit\u00e0 (come, per esempio, Google Advertiser ID o identificatore IDFA).\r\nDove sono trattati i dati? negli Stati Uniti.\r\nLegga la Privacy Policy su:\u00a0<a href=\"https:\/\/policies.google.com\/privacy\" target=\"_blanck\" rel=\"noopener noreferrer\">https:\/\/policies.google.com\/privacy<\/a>.\r\nSe vuole \"fare Opt Out\":\u00a0<a href=\"https:\/\/tools.google.com\/dlpage\/gaoptout?hl=it\" target=\"_blanck\" rel=\"noopener noreferrer\">https:\/\/tools.google.com\/dlpage\/gaoptout?hl=it<\/a>.\r\nDove sono trattati i dati? in Irlanda\r\nLegga la Privacy Policy su:\u00a0<a href=\"https:\/\/policies.google.com\/privacy\" target=\"_blanck\" rel=\"noopener noreferrer\">https:\/\/policies.google.com\/privacy<\/a>.\r\nSe vuole \"fare Opt Out\":\u00a0<a href=\"ttps:\/\/tools.google.com\/dlpage\/gaoptout?hl=it\" target=\"_blanck\" rel=\"noopener noreferrer\">https:\/\/tools.google.com\/dlpage\/gaoptout?hl=it<\/a>.\r\nGoogle aderisce al Privacy Shield. Oltre che agendo nelle pagine indicate sopra, Lei\u00a0<strong>pu\u00f2 modificare o disattivare le preferenze dei cookie del Suo browser<\/strong>: entri nelle impostazioni del browser (Internet Explorer, Safari, Firefox, Chrome ecc..) e stabilire quali sono i cookie che desidera ricevere e quali no, alcuni di questi programmi Le possono consentire anche di definire impostazioni differenziate per i cookie \"proprietari\" e per quelli di \"terze parti\".\r\nPer sapere dove pu\u00f2 trovare suddette impostazioni, utilizzi la funzione \"Help\" (o \"Aiuto\", \"Manuale\", \"Guida\", \"Istruzioni\") del browser. I seguenti link mostrano come \u00e8 possibile impostare le preferenze sui browser e dispositivi utilizzati pi\u00f9 comunemente:\r\n<ol>\r\n \t<li><strong>Android by Google:<\/strong>per informazioni specifiche per il suo modello di smart device, Le suggeriamo di usare un motore di ricerca (es. Google) e di scrivere nel box di ricerca: impostazione cookie seguito dalla marca e modello di dispositivo da Lei usato.<\/li>\r\n \t<li><strong>Apple iPhone, iPad, iPod touch:<\/strong>\u00a0<a href=\"https:\/\/support.apple.com\/it-it\/HT201265\" target=\"_blanck\" rel=\"noopener noreferrer\">https:\/\/support.apple.com\/it-it\/HT201265<\/a>.<\/li>\r\n \t<li><strong>Apple Mac, browser Safari:<\/strong>\u00a0<a href=\"https:\/\/support.apple.com\/kb\/PH21411?viewlocale=it_IT&amp;locale=it_IT\" target=\"_blanck\" rel=\"noopener noreferrer\">https:\/\/support.apple.com\/kb\/PH21411?viewlocale=it_IT&amp;locale=it_IT<\/a>.<\/li>\r\n \t<li><strong>Firefox:<\/strong>\u00a0<a href=\"https:\/\/support.mozilla.org\/it\/kb\/Gestione%20dei%20cookie\" target=\"_blanck\" rel=\"noopener noreferrer\">https:\/\/support.mozilla.org\/it\/kb\/Gestione%20dei%20cookie<\/a>.<\/li>\r\n \t<li><strong>Google Chrome:<\/strong>\u00a0<a href=\"https:\/\/support.google.com\/chrome\/answer\/95647?hl=it\" target=\"_blanck\" rel=\"noopener noreferrer\">https:\/\/support.google.com\/chrome\/answer\/95647?hl=it<\/a>.<\/li>\r\n \t<li><strong>Microsoft Edge (Windows 10):<\/strong>\u00a0<a href=\"http:\/\/windows.microsoft.com\/it-it\/windows-10\/edge-privacy-faq\" target=\"_blanck\" rel=\"noopener noreferrer\">http:\/\/windows.microsoft.com\/it-it\/windows-10\/edge-privacy-faq<\/a>.<\/li>\r\n \t<li><strong>Microsoft Internet Explorer versioni 8-11:<\/strong>\u00a0<a href=\"http:\/\/windows.microsoft.com\/it-it\/internet-explorer\/delete-manage-cookies#ie=ie-11\" target=\"_blanck\" rel=\"noopener noreferrer\">http:\/\/windows.microsoft.com\/it-it\/internet-explorer\/delete-manage-cookies#ie=ie-11<\/a>\u00a0(per i sistemi operativi Windows 7, Windows 8.1, Windows 10).<\/li>\r\n \t<li><strong>Opera:<\/strong>\u00a0<a href=\"http:\/\/help.opera.com\/Windows\/10.00\/it\/cookies.html\" target=\"_blanck\" rel=\"noopener noreferrer\">http:\/\/help.opera.com\/Windows\/10.00\/it\/cookies.html<\/a>.<\/li>\r\n<\/ol>\r\nLe ricordiamo che la scelta di bloccare la ricezione dei cookie, potrebbe compromettere o impedire il funzionamento del nostro Servizio o di funzioni specifiche all'interno del Servizio; la disabilitazione dei cookie \"di terze parti\" non pregiudica in alcun modo la navigabilit\u00e0.\r\nPu\u00f2 trovare informazioni generali sui cookie alle pagine\u00a0<a href=\"https:\/\/oncotalk.it\/cookie-policy\" target=\"_blanck\" rel=\"noopener noreferrer\">www.youronlinechoices.com\/it<\/a>,\u00a0<a href=\"https:\/\/www.allaboutcookies.org\/\" target=\"_blanck\" rel=\"noopener noreferrer\">www.allaboutcookies.org<\/a>\u00a0(in inglese),\u00a0<a href=\"http:\/\/www.cookiechoices.org\/\" target=\"_blanck\" rel=\"noopener noreferrer\">www.cookiechoices.org<\/a>,\u00a0<a href=\"https:\/\/it.wikipedia.org\/\" target=\"_blanck\" rel=\"noopener noreferrer\">it.wikipedia.org<\/a>\u00a0e\u00a0<a href=\"https:\/\/www.garanteprivacy.it\/\" target=\"_blanck\" rel=\"noopener noreferrer\">www.garanteprivacy.it<\/a>.<\/td><\/tr><\/tbody><\/table><\/div>\n<\/div>\n\r\n\t\t<\/div>\r\n\t<\/div>\r\n<\/div><\/div><\/div><\/div><\/div><\/section>\n ","protected":false},"excerpt":{"rendered":"COOKIE POLICY Informativa sui cookie e sui dati raccolti in forma automatica I server che distribuiscono i nostri Servizi potrebbero registrare automaticamente alcune informazioni: 1. il dominio e il server dal quale il Suo computer o altro dispositivo accede a Internet, 2. l&#8217;indirizzo Internet del sito web dal quale Lei si \u00e8 collegato a un...","protected":false},"author":1,"featured_media":0,"parent":1106,"menu_order":0,"comment_status":"closed","ping_status":"closed","template":"","meta":[],"_links":{"self":[{"href":"https:\/\/consulta-csc.it\/index.php\/wp-json\/wp\/v2\/pages\/24022"}],"collection":[{"href":"https:\/\/consulta-csc.it\/index.php\/wp-json\/wp\/v2\/pages"}],"about":[{"href":"https:\/\/consulta-csc.it\/index.php\/wp-json\/wp\/v2\/types\/page"}],"author":[{"embeddable":true,"href":"https:\/\/consulta-csc.it\/index.php\/wp-json\/wp\/v2\/users\/1"}],"replies":[{"embeddable":true,"href":"https:\/\/consulta-csc.it\/index.php\/wp-json\/wp\/v2\/comments?post=24022"}],"version-history":[{"count":11,"href":"https:\/\/consulta-csc.it\/index.php\/wp-json\/wp\/v2\/pages\/24022\/revisions"}],"predecessor-version":[{"id":24160,"href":"https:\/\/consulta-csc.it\/index.php\/wp-json\/wp\/v2\/pages\/24022\/revisions\/24160"}],"up":[{"embeddable":true,"href":"https:\/\/consulta-csc.it\/index.php\/wp-json\/wp\/v2\/pages\/1106"}],"wp:attachment":[{"href":"https:\/\/consulta-csc.it\/index.php\/wp-json\/wp\/v2\/media?parent=24022"}],"curies":[{"name":"wp","href":"https:\/\/api.w.org\/{rel}","templated":true}]}}